{"id":38,"date":"2025-02-06T09:31:09","date_gmt":"2025-02-06T09:31:09","guid":{"rendered":"https:\/\/southcentraltxahec.org\/contacts\/"},"modified":"2025-02-06T09:31:09","modified_gmt":"2025-02-06T09:31:09","slug":"contacts","status":"publish","type":"page","link":"https:\/\/southcentraltxahec.org\/ro\/contacts\/","title":{"rendered":"Contacte"},"content":{"rendered":"<p>Bine a\u021bi venit pe pagina de contact pentru South Central TX AHEC, blogul dvs. de mod\u0103 \u0219i tendin\u021be. Dac\u0103 ave\u021bi \u00eentreb\u0103ri, sugestii sau comentarii despre articolele \u0219i produsele noastre, ne-ar pl\u0103cea s\u0103 v\u0103 auzim. V\u0103 rug\u0103m s\u0103 ne contacta\u021bi; echipa noastr\u0103 este aici pentru a v\u0103 oferi orice asisten\u021b\u0103 de care a\u021bi putea avea nevoie.<\/p>\n<h2>Formular de contact<\/h2>\n<form action=\"\/ro\/submit_form.php\/\" method=\"POST\" data-trp-original-action=\"submit_form.php\">\n            <label for=\"name\">Nume:<\/label><br \/>\n            <input type=\"text\" id=\"name\" name=\"name\" required><\/p>\n<p>            <label for=\"email\">E-mail:<\/label><br \/>\n            <input type=\"email\" id=\"email\" name=\"email\" required><\/p>\n<p>            <label for=\"message\">Mesaj:<\/label><br \/>\n            <textarea id=\"message\" name=\"message\" rows=\"4\" required><\/textarea><\/p>\n<p>            <button type=\"submit\">Trimite<\/button><br \/>\n        <input type=\"hidden\" name=\"trp-form-language\" value=\"ro\"\/><\/form>\n<h3>Contacta\u021bi-ne prin e-mail:<\/h3>\n<p>Pentru orice \u00eentreb\u0103ri sau sugestii, ne pute\u021bi trimite un e-mail la adresa <a href=\"mailto:contact@southcentraltxahec.org\">contact@southcentraltxahec.org<\/a>.<\/p>","protected":false},"excerpt":{"rendered":"<p>Bine a\u021bi venit pe pagina de contact a South Central TX AHEC, blogul dvs. de mod\u0103 \u0219i tendin\u021be. Dac\u0103...<\/p>","protected":false},"author":1,"featured_media":0,"parent":0,"menu_order":0,"comment_status":"closed","ping_status":"closed","template":"","meta":{"_acf_changed":false,"footnotes":""},"class_list":["post-38","page","type-page","status-publish","hentry"],"acf":[],"yoast_head":"<!-- This site is optimized with the Yoast SEO plugin v23.2 - https:\/\/yoast.com\/wordpress\/plugins\/seo\/ -->\n<title>Contacts - southcentraltxahec.org<\/title>\n<meta name=\"description\" content=\"Pour toute question ou suggestion sur nos articles de mode et tendances, contactez-nous\" \/>\n<meta name=\"robots\" content=\"index, follow, max-snippet:-1, max-image-preview:large, max-video-preview:-1\" \/>\n<link rel=\"canonical\" href=\"https:\/\/southcentraltxahec.org\/ro\/contacts\/\" \/>\n<meta property=\"og:locale\" content=\"ro_RO\" \/>\n<meta property=\"og:type\" content=\"article\" \/>\n<meta property=\"og:title\" content=\"Contacts - southcentraltxahec.org\" \/>\n<meta property=\"og:description\" content=\"Pour toute question ou suggestion sur nos articles de mode et tendances, contactez-nous\" \/>\n<meta property=\"og:url\" content=\"https:\/\/southcentraltxahec.org\/ro\/contacts\/\" \/>\n<meta property=\"og:site_name\" content=\"southcentraltxahec.org\" \/>\n<meta name=\"twitter:card\" content=\"summary_large_image\" \/>\n<script type=\"application\/ld+json\" class=\"yoast-schema-graph\">{\"@context\":\"https:\/\/schema.org\",\"@graph\":[{\"@type\":\"WebPage\",\"@id\":\"https:\/\/southcentraltxahec.org\/contacts\/\",\"url\":\"https:\/\/southcentraltxahec.org\/contacts\/\",\"name\":\"Contacts - southcentraltxahec.org\",\"isPartOf\":{\"@id\":\"https:\/\/southcentraltxahec.org\/#website\"},\"datePublished\":\"2025-02-06T09:31:09+00:00\",\"dateModified\":\"2025-02-06T09:31:09+00:00\",\"description\":\"Pour toute question ou suggestion sur nos articles de mode et tendances, contactez-nous\",\"breadcrumb\":{\"@id\":\"https:\/\/southcentraltxahec.org\/contacts\/#breadcrumb\"},\"inLanguage\":\"ro-RO\",\"potentialAction\":[{\"@type\":\"ReadAction\",\"target\":[\"https:\/\/southcentraltxahec.org\/contacts\/\"]}]},{\"@type\":\"BreadcrumbList\",\"@id\":\"https:\/\/southcentraltxahec.org\/contacts\/#breadcrumb\",\"itemListElement\":[{\"@type\":\"ListItem\",\"position\":1,\"name\":\"Home\",\"item\":\"https:\/\/southcentraltxahec.org\/\"},{\"@type\":\"ListItem\",\"position\":2,\"name\":\"Contacts\"}]},{\"@type\":\"WebSite\",\"@id\":\"https:\/\/southcentraltxahec.org\/#website\",\"url\":\"https:\/\/southcentraltxahec.org\/\",\"name\":\"southcentraltxahec.org\",\"description\":\"Le Meilleur de la Mode | Trouvez des id\u00e9es pour un style chic et tendance\",\"potentialAction\":[{\"@type\":\"SearchAction\",\"target\":{\"@type\":\"EntryPoint\",\"urlTemplate\":\"https:\/\/southcentraltxahec.org\/?s={search_term_string}\"},\"query-input\":\"required name=search_term_string\"}],\"inLanguage\":\"ro-RO\"}]}<\/script>\n<!-- \/ Yoast SEO plugin. -->","yoast_head_json":{"title":"Contacts - southcentraltxahec.org","description":"Pour toute question ou suggestion sur nos articles de mode et tendances, contactez-nous","robots":{"index":"index","follow":"follow","max-snippet":"max-snippet:-1","max-image-preview":"max-image-preview:large","max-video-preview":"max-video-preview:-1"},"canonical":"https:\/\/southcentraltxahec.org\/ro\/contacts\/","og_locale":"ro_RO","og_type":"article","og_title":"Contacts - southcentraltxahec.org","og_description":"Pour toute question ou suggestion sur nos articles de mode et tendances, contactez-nous","og_url":"https:\/\/southcentraltxahec.org\/ro\/contacts\/","og_site_name":"southcentraltxahec.org","twitter_card":"summary_large_image","schema":{"@context":"https:\/\/schema.org","@graph":[{"@type":"WebPage","@id":"https:\/\/southcentraltxahec.org\/contacts\/","url":"https:\/\/southcentraltxahec.org\/contacts\/","name":"Contacts - southcentraltxahec.org","isPartOf":{"@id":"https:\/\/southcentraltxahec.org\/#website"},"datePublished":"2025-02-06T09:31:09+00:00","dateModified":"2025-02-06T09:31:09+00:00","description":"Pour toute question ou suggestion sur nos articles de mode et tendances, contactez-nous","breadcrumb":{"@id":"https:\/\/southcentraltxahec.org\/contacts\/#breadcrumb"},"inLanguage":"ro-RO","potentialAction":[{"@type":"ReadAction","target":["https:\/\/southcentraltxahec.org\/contacts\/"]}]},{"@type":"BreadcrumbList","@id":"https:\/\/southcentraltxahec.org\/contacts\/#breadcrumb","itemListElement":[{"@type":"ListItem","position":1,"name":"Home","item":"https:\/\/southcentraltxahec.org\/"},{"@type":"ListItem","position":2,"name":"Contacts"}]},{"@type":"WebSite","@id":"https:\/\/southcentraltxahec.org\/#website","url":"https:\/\/southcentraltxahec.org\/","name":"southcentraltxahec.org","description":"Le Meilleur de la Mode | Trouvez des id\u00e9es pour un style chic et tendance","potentialAction":[{"@type":"SearchAction","target":{"@type":"EntryPoint","urlTemplate":"https:\/\/southcentraltxahec.org\/?s={search_term_string}"},"query-input":"required name=search_term_string"}],"inLanguage":"ro-RO"}]}},"yoast_meta":{"yoast_wpseo_title":"","yoast_wpseo_metadesc":"","yoast_wpseo_canonical":"https:\/\/southcentraltxahec.org\/ro\/wp-json\/wp\/v2\/pages\/38"},"_links":{"self":[{"href":"https:\/\/southcentraltxahec.org\/ro\/wp-json\/wp\/v2\/pages\/38","targetHints":{"allow":["GET"]}}],"collection":[{"href":"https:\/\/southcentraltxahec.org\/ro\/wp-json\/wp\/v2\/pages"}],"about":[{"href":"https:\/\/southcentraltxahec.org\/ro\/wp-json\/wp\/v2\/types\/page"}],"author":[{"embeddable":true,"href":"https:\/\/southcentraltxahec.org\/ro\/wp-json\/wp\/v2\/users\/1"}],"replies":[{"embeddable":true,"href":"https:\/\/southcentraltxahec.org\/ro\/wp-json\/wp\/v2\/comments?post=38"}],"version-history":[{"count":0,"href":"https:\/\/southcentraltxahec.org\/ro\/wp-json\/wp\/v2\/pages\/38\/revisions"}],"wp:attachment":[{"href":"https:\/\/southcentraltxahec.org\/ro\/wp-json\/wp\/v2\/media?parent=38"}],"curies":[{"name":"wp","href":"https:\/\/api.w.org\/{rel}","templated":true}]}}