{"id":37,"date":"2025-02-06T09:31:05","date_gmt":"2025-02-06T09:31:05","guid":{"rendered":"https:\/\/southcentraltxahec.org\/a-propos-de-nous\/"},"modified":"2025-02-06T10:01:58","modified_gmt":"2025-02-06T10:01:58","slug":"a-propos-de-nous","status":"publish","type":"page","link":"https:\/\/southcentraltxahec.org\/ro\/a-propos-de-nous\/","title":{"rendered":"Despre noi"},"content":{"rendered":"<h2>Viziunea noastr\u0103 asupra modei<\/h2>\n<p>Bun venit pe SouthCentralTXAHEC, un blog dedicat \u00een \u00eentregime modei \u0219i tendin\u021belor. Echipa noastr\u0103 pasionat\u0103 ofer\u0103 articole inspira\u021bionale care s\u0103 te ajute s\u0103-\u021bi exprimi stilul unic, indiferent de buget sau ocazie. Descoper\u0103 mod\u0103 accesibil\u0103, modern\u0103 \u0219i creativ\u0103.<\/p>\n<p><img loading=\"lazy\" decoding=\"async\" class=\"aligncenter wp-image-36 size-full\" src=\"https:\/\/southcentraltxahec.org\/wp-content\/uploads\/2025\/02\/molodaya-zhenshhina-derzhashhaya-stilnuyu-sumochku-i-odetaya-v-modnyj-naryad-vesennyaya-zhenskaya-odezhda-i.jpg\" alt=\"\" width=\"612\" height=\"408\" srcset=\"https:\/\/southcentraltxahec.org\/wp-content\/uploads\/2025\/02\/molodaya-zhenshhina-derzhashhaya-stilnuyu-sumochku-i-odetaya-v-modnyj-naryad-vesennyaya-zhenskaya-odezhda-i.jpg 612w, https:\/\/southcentraltxahec.org\/wp-content\/uploads\/2025\/02\/molodaya-zhenshhina-derzhashhaya-stilnuyu-sumochku-i-odetaya-v-modnyj-naryad-vesennyaya-zhenskaya-odezhda-i-300x200.jpg 300w\" sizes=\"auto, (max-width: 612px) 100vw, 612px\" \/><\/p>\n<h2>Ce v\u0103 aducem<\/h2>\n<p>Pe blogul nostru, \u00eemp\u0103rt\u0103\u0219im o multitudine de sfaturi, perspective \u0219i idei pentru a v\u0103 \u00eembog\u0103\u021bi stilul personal.<\/p>\n<ul>\n<li>Cele mai recente tendin\u021be de adoptat<\/li>\n<li>Sfaturi pentru organizarea garderobei tale<\/li>\n<li>Sfaturi pentru a combina confortul cu elegan\u021ba<\/li>\n<li>Interviuri cu creatori \u0219i influenceri<\/li>\n<\/ul>\n<h2>Al\u0103tur\u0103-te aventurii modei<\/h2>\n<p>Moda este un mijloc de exprimare. Urm\u0103re\u0219te-ne pentru a fi la curent cu cele mai recente inspira\u021bii \u0219i sfaturi \u0219i \u00eemp\u0103rt\u0103\u0219e\u0219te-\u021bi pasiunea cu comunitatea noastr\u0103!<\/p>","protected":false},"excerpt":{"rendered":"<p>Viziunea noastr\u0103 asupra modei Bine a\u021bi venit pe SouthCentralTXAHEC, un blog dedicat \u00een \u00eentregime modei \u0219i tendin\u021belor. Echipa noastr\u0103...<\/p>","protected":false},"author":1,"featured_media":0,"parent":0,"menu_order":0,"comment_status":"closed","ping_status":"closed","template":"","meta":{"_acf_changed":false,"footnotes":""},"class_list":["post-37","page","type-page","status-publish","hentry"],"acf":[],"yoast_head":"<!-- This site is optimized with the Yoast SEO plugin v23.2 - https:\/\/yoast.com\/wordpress\/plugins\/seo\/ -->\n<title>\u00c0 propos de nous | Blog Mode &amp; Inspirations | SouthCentralTXAHEC<\/title>\n<meta name=\"description\" content=\"SouthCentralTXAHEC est un blog mode inspirant. Explorez les tendances actuelles, des conseils de style et des astuces pour chaque look.\" \/>\n<meta name=\"robots\" content=\"index, follow, max-snippet:-1, max-image-preview:large, max-video-preview:-1\" \/>\n<link rel=\"canonical\" href=\"https:\/\/southcentraltxahec.org\/ro\/a-propos-de-nous\/\" \/>\n<meta property=\"og:locale\" content=\"ro_RO\" \/>\n<meta property=\"og:type\" content=\"article\" \/>\n<meta property=\"og:title\" content=\"\u00c0 propos de nous | Blog Mode &amp; Inspirations | SouthCentralTXAHEC\" \/>\n<meta property=\"og:description\" content=\"SouthCentralTXAHEC est un blog mode inspirant. Explorez les tendances actuelles, des conseils de style et des astuces pour chaque look.\" \/>\n<meta property=\"og:url\" content=\"https:\/\/southcentraltxahec.org\/ro\/a-propos-de-nous\/\" \/>\n<meta property=\"og:site_name\" content=\"southcentraltxahec.org\" \/>\n<meta property=\"article:modified_time\" content=\"2025-02-06T10:01:58+00:00\" \/>\n<meta property=\"og:image\" content=\"https:\/\/southcentraltxahec.org\/wp-content\/uploads\/2025\/02\/molodaya-zhenshhina-derzhashhaya-stilnuyu-sumochku-i-odetaya-v-modnyj-naryad-vesennyaya-zhenskaya-odezhda-i.jpg\" \/>\n<meta name=\"twitter:card\" content=\"summary_large_image\" \/>\n<meta name=\"twitter:label1\" content=\"Timp estimat pentru citire\" \/>\n\t<meta name=\"twitter:data1\" content=\"2 minute\" \/>\n<script type=\"application\/ld+json\" class=\"yoast-schema-graph\">{\"@context\":\"https:\/\/schema.org\",\"@graph\":[{\"@type\":\"WebPage\",\"@id\":\"https:\/\/southcentraltxahec.org\/a-propos-de-nous\/\",\"url\":\"https:\/\/southcentraltxahec.org\/a-propos-de-nous\/\",\"name\":\"\u00c0 propos de nous | Blog Mode & Inspirations | SouthCentralTXAHEC\",\"isPartOf\":{\"@id\":\"https:\/\/southcentraltxahec.org\/#website\"},\"primaryImageOfPage\":{\"@id\":\"https:\/\/southcentraltxahec.org\/a-propos-de-nous\/#primaryimage\"},\"image\":{\"@id\":\"https:\/\/southcentraltxahec.org\/a-propos-de-nous\/#primaryimage\"},\"thumbnailUrl\":\"https:\/\/southcentraltxahec.org\/wp-content\/uploads\/2025\/02\/molodaya-zhenshhina-derzhashhaya-stilnuyu-sumochku-i-odetaya-v-modnyj-naryad-vesennyaya-zhenskaya-odezhda-i.jpg\",\"datePublished\":\"2025-02-06T09:31:05+00:00\",\"dateModified\":\"2025-02-06T10:01:58+00:00\",\"description\":\"SouthCentralTXAHEC est un blog mode inspirant. Explorez les tendances actuelles, des conseils de style et des astuces pour chaque look.\",\"breadcrumb\":{\"@id\":\"https:\/\/southcentraltxahec.org\/a-propos-de-nous\/#breadcrumb\"},\"inLanguage\":\"ro-RO\",\"potentialAction\":[{\"@type\":\"ReadAction\",\"target\":[\"https:\/\/southcentraltxahec.org\/a-propos-de-nous\/\"]}]},{\"@type\":\"ImageObject\",\"inLanguage\":\"ro-RO\",\"@id\":\"https:\/\/southcentraltxahec.org\/a-propos-de-nous\/#primaryimage\",\"url\":\"https:\/\/southcentraltxahec.org\/wp-content\/uploads\/2025\/02\/molodaya-zhenshhina-derzhashhaya-stilnuyu-sumochku-i-odetaya-v-modnyj-naryad-vesennyaya-zhenskaya-odezhda-i.jpg\",\"contentUrl\":\"https:\/\/southcentraltxahec.org\/wp-content\/uploads\/2025\/02\/molodaya-zhenshhina-derzhashhaya-stilnuyu-sumochku-i-odetaya-v-modnyj-naryad-vesennyaya-zhenskaya-odezhda-i.jpg\"},{\"@type\":\"BreadcrumbList\",\"@id\":\"https:\/\/southcentraltxahec.org\/a-propos-de-nous\/#breadcrumb\",\"itemListElement\":[{\"@type\":\"ListItem\",\"position\":1,\"name\":\"Home\",\"item\":\"https:\/\/southcentraltxahec.org\/\"},{\"@type\":\"ListItem\",\"position\":2,\"name\":\"\u00c0 propos de nous\"}]},{\"@type\":\"WebSite\",\"@id\":\"https:\/\/southcentraltxahec.org\/#website\",\"url\":\"https:\/\/southcentraltxahec.org\/\",\"name\":\"southcentraltxahec.org\",\"description\":\"Le Meilleur de la Mode | Trouvez des id\u00e9es pour un style chic et tendance\",\"potentialAction\":[{\"@type\":\"SearchAction\",\"target\":{\"@type\":\"EntryPoint\",\"urlTemplate\":\"https:\/\/southcentraltxahec.org\/?s={search_term_string}\"},\"query-input\":\"required name=search_term_string\"}],\"inLanguage\":\"ro-RO\"}]}<\/script>\n<!-- \/ Yoast SEO plugin. -->","yoast_head_json":{"title":"\u00c0 propos de nous | Blog Mode & Inspirations | SouthCentralTXAHEC","description":"SouthCentralTXAHEC est un blog mode inspirant. Explorez les tendances actuelles, des conseils de style et des astuces pour chaque look.","robots":{"index":"index","follow":"follow","max-snippet":"max-snippet:-1","max-image-preview":"max-image-preview:large","max-video-preview":"max-video-preview:-1"},"canonical":"https:\/\/southcentraltxahec.org\/ro\/a-propos-de-nous\/","og_locale":"ro_RO","og_type":"article","og_title":"\u00c0 propos de nous | Blog Mode & Inspirations | SouthCentralTXAHEC","og_description":"SouthCentralTXAHEC est un blog mode inspirant. Explorez les tendances actuelles, des conseils de style et des astuces pour chaque look.","og_url":"https:\/\/southcentraltxahec.org\/ro\/a-propos-de-nous\/","og_site_name":"southcentraltxahec.org","article_modified_time":"2025-02-06T10:01:58+00:00","og_image":[{"url":"https:\/\/southcentraltxahec.org\/wp-content\/uploads\/2025\/02\/molodaya-zhenshhina-derzhashhaya-stilnuyu-sumochku-i-odetaya-v-modnyj-naryad-vesennyaya-zhenskaya-odezhda-i.jpg"}],"twitter_card":"summary_large_image","twitter_misc":{"Timp estimat pentru citire":"2 minute"},"schema":{"@context":"https:\/\/schema.org","@graph":[{"@type":"WebPage","@id":"https:\/\/southcentraltxahec.org\/a-propos-de-nous\/","url":"https:\/\/southcentraltxahec.org\/a-propos-de-nous\/","name":"\u00c0 propos de nous | Blog Mode & Inspirations | SouthCentralTXAHEC","isPartOf":{"@id":"https:\/\/southcentraltxahec.org\/#website"},"primaryImageOfPage":{"@id":"https:\/\/southcentraltxahec.org\/a-propos-de-nous\/#primaryimage"},"image":{"@id":"https:\/\/southcentraltxahec.org\/a-propos-de-nous\/#primaryimage"},"thumbnailUrl":"https:\/\/southcentraltxahec.org\/wp-content\/uploads\/2025\/02\/molodaya-zhenshhina-derzhashhaya-stilnuyu-sumochku-i-odetaya-v-modnyj-naryad-vesennyaya-zhenskaya-odezhda-i.jpg","datePublished":"2025-02-06T09:31:05+00:00","dateModified":"2025-02-06T10:01:58+00:00","description":"SouthCentralTXAHEC est un blog mode inspirant. Explorez les tendances actuelles, des conseils de style et des astuces pour chaque look.","breadcrumb":{"@id":"https:\/\/southcentraltxahec.org\/a-propos-de-nous\/#breadcrumb"},"inLanguage":"ro-RO","potentialAction":[{"@type":"ReadAction","target":["https:\/\/southcentraltxahec.org\/a-propos-de-nous\/"]}]},{"@type":"ImageObject","inLanguage":"ro-RO","@id":"https:\/\/southcentraltxahec.org\/a-propos-de-nous\/#primaryimage","url":"https:\/\/southcentraltxahec.org\/wp-content\/uploads\/2025\/02\/molodaya-zhenshhina-derzhashhaya-stilnuyu-sumochku-i-odetaya-v-modnyj-naryad-vesennyaya-zhenskaya-odezhda-i.jpg","contentUrl":"https:\/\/southcentraltxahec.org\/wp-content\/uploads\/2025\/02\/molodaya-zhenshhina-derzhashhaya-stilnuyu-sumochku-i-odetaya-v-modnyj-naryad-vesennyaya-zhenskaya-odezhda-i.jpg"},{"@type":"BreadcrumbList","@id":"https:\/\/southcentraltxahec.org\/a-propos-de-nous\/#breadcrumb","itemListElement":[{"@type":"ListItem","position":1,"name":"Home","item":"https:\/\/southcentraltxahec.org\/"},{"@type":"ListItem","position":2,"name":"\u00c0 propos de nous"}]},{"@type":"WebSite","@id":"https:\/\/southcentraltxahec.org\/#website","url":"https:\/\/southcentraltxahec.org\/","name":"southcentraltxahec.org","description":"Le Meilleur de la Mode | Trouvez des id\u00e9es pour un style chic et tendance","potentialAction":[{"@type":"SearchAction","target":{"@type":"EntryPoint","urlTemplate":"https:\/\/southcentraltxahec.org\/?s={search_term_string}"},"query-input":"required name=search_term_string"}],"inLanguage":"ro-RO"}]}},"yoast_meta":{"yoast_wpseo_title":"","yoast_wpseo_metadesc":"","yoast_wpseo_canonical":"https:\/\/southcentraltxahec.org\/ro\/wp-json\/wp\/v2\/pages\/37"},"_links":{"self":[{"href":"https:\/\/southcentraltxahec.org\/ro\/wp-json\/wp\/v2\/pages\/37","targetHints":{"allow":["GET"]}}],"collection":[{"href":"https:\/\/southcentraltxahec.org\/ro\/wp-json\/wp\/v2\/pages"}],"about":[{"href":"https:\/\/southcentraltxahec.org\/ro\/wp-json\/wp\/v2\/types\/page"}],"author":[{"embeddable":true,"href":"https:\/\/southcentraltxahec.org\/ro\/wp-json\/wp\/v2\/users\/1"}],"replies":[{"embeddable":true,"href":"https:\/\/southcentraltxahec.org\/ro\/wp-json\/wp\/v2\/comments?post=37"}],"version-history":[{"count":1,"href":"https:\/\/southcentraltxahec.org\/ro\/wp-json\/wp\/v2\/pages\/37\/revisions"}],"predecessor-version":[{"id":46,"href":"https:\/\/southcentraltxahec.org\/ro\/wp-json\/wp\/v2\/pages\/37\/revisions\/46"}],"wp:attachment":[{"href":"https:\/\/southcentraltxahec.org\/ro\/wp-json\/wp\/v2\/media?parent=37"}],"curies":[{"name":"wp","href":"https:\/\/api.w.org\/{rel}","templated":true}]}}